{"id":606,"date":"2016-05-10T14:08:06","date_gmt":"2016-05-10T14:08:06","guid":{"rendered":"http:\/\/doyouboat.com\/web\/de\/inicio\/"},"modified":"2016-05-17T15:34:09","modified_gmt":"2016-05-17T15:34:09","slug":"home","status":"publish","type":"page","link":"https:\/\/doyouboat.com\/de\/","title":{"rendered":"Home"},"content":{"rendered":"<p>[vc_row is_container=&#8221;yes&#8221; el_class=&#8221;margin_60&#8243;][vc_column][vc_row_inner][vc_column_inner][vc_column_text]<\/p>\n<div class=\"text-center\">\n<p>&nbsp;<\/p>\n<h2>Alles, was Sie brauchen. \u00dcberall m\u00fcssen Sie es.<\/h2>\n<p class=\"lead add_bottom_30\">Nutzen Sie Ihre Zeit f\u00fcr das, was wirklich z\u00e4hlt.<\/p>\n<\/div>\n<p>[\/vc_column_text][\/vc_column_inner][\/vc_row_inner][vc_row_inner][vc_column_inner][vc_column_text]<\/p>\n<h4 style=\"text-align: center;\"><span style=\"color: #86754d;\">Ibizasearent<\/span><\/h4>\n<p style=\"text-align: center;\">Wir bieten eine vollst\u00e4ndige Management Ihre Bed\u00fcrfnisse zu erf\u00fcllen und Sie k\u00f6nnen auf der Insel, die die meiste Zeit zu entspannen und zu machen. Unser Team hat die besten Fachleute mit einem breiten Netzwerk von vertrauensw\u00fcrdigen Kontakten die beste Wahl, um Ihre W\u00fcnsche zu gew\u00e4hrleisten.<\/p>\n<p style=\"text-align: center;\">Unsere Dienstleistungen zielen darauf ab, einen Lebensstil zu jeder Person zugeschnitten sind. Von der Verwaltung Villen oder Boote VIP-Tische zu reservieren, so dass Sie Ihre Zeit auf verwenden, was wirklich wichtig ist.<\/p>\n<p style=\"text-align: center;\">Wir haben die besten Boote auf dem Markt f\u00fcr anspruchsvolle Liebhaber von Segeln und das Meer zur Verf\u00fcgung.<\/p>\n<p>[\/vc_column_text][\/vc_column_inner][\/vc_row_inner][vc_row_inner][vc_column_inner][vc_column_text]<\/p>\n<h5 style=\"text-align: center;\">Genie\u00dfen Sie qualitativ hochwertigen Service und einen kompetenten Service-Team.<\/h5>\n<h5 style=\"text-align: center;\">Unsere ehrliche Art, die Dinge macht den Unterschied.<\/h5>\n<p>[\/vc_column_text][\/vc_column_inner][\/vc_row_inner][\/vc_column][\/vc_row][vc_row][vc_column][vc_column_text]<br \/>\n[\/vc_column_text][\/vc_column][\/vc_row][vc_row][vc_column]<section class=\"parallax-window\" data-parallax=\"scroll\" data-image-src=\"http:\/\/doyouboat.com\/wp-content\/uploads\/2016\/05\/parallax_ibiza2.jpg\" data-natural-width=\"1400\" data-natural-height=\"470\"><div class=\"parallax-content-1 magnific\">[vc_raw_html]JTNDZGl2JTNFJTBBJTIwJTIwJTIwJTIwJTNDaDMlM0VFWFBMT1JFLiUyMERJU0NPVkVSLiUyMExJVkUlM0MlMkZoMyUzRSUwQSUyMCUyMCUyMCUyMCUzQ3AlM0VHZW5pZSVDMyU5RmVuJTIwU2llJTIwSWhyZW4lMjBVcmxhdWIlMjBhbiUyMEJvcmQlMjBkZXIlMjBiZXN0ZW4lMjBCb290ZS4lM0MlMkZwJTNFJTBBJTNDJTJGZGl2JTNF[\/vc_raw_html]<\/div><\/section>[\/vc_column][\/vc_row][vc_row css=&#8221;.vc_custom_1462456344389{padding-top: 90px !important;padding-bottom: 90px !important;}&#8221;][vc_column]<div class=\"container\">[vc_column_text]<\/p>\n<h4 style=\"text-align: center;\"><span style=\"color: #86754d;\">Wir sind f\u00fcr Sie da<\/span><\/h4>\n<p>&nbsp;<\/p>\n<p style=\"text-align: center;\"><a href=\"http:\/\/doyouboat.com\/de\/kontakt\/\" class=\"btn_1 outline\" target=\"_self\">Kontakt<\/a>\n<p>[\/vc_column_text]<\/div>[\/vc_column][\/vc_row]<\/p>\n","protected":false},"excerpt":{"rendered":"<p>[vc_row is_container=&#8221;yes&#8221; el_class=&#8221;margin_60&#8243;][vc_column][vc_row_inner][vc_column_inner][vc_column_text] &nbsp; Alles, was Sie brauchen. \u00dcberall m\u00fcssen Sie es. Nutzen Sie Ihre Zeit f\u00fcr das, was wirklich z\u00e4hlt. [\/vc_column_text][\/vc_column_inner][\/vc_row_inner][vc_row_inner][vc_column_inner][vc_column_text] Ibizasearent Wir bieten eine vollst\u00e4ndige Management Ihre Bed\u00fcrfnisse zu erf\u00fcllen und Sie k\u00f6nnen auf der Insel, die die meiste Zeit zu entspannen und zu machen. Unser Team hat die besten Fachleute mit einem [&hellip;]<\/p>\n","protected":false},"author":3,"featured_media":0,"parent":0,"menu_order":0,"comment_status":"closed","ping_status":"closed","template":"templates\/template-full-width.php","meta":[],"_links":{"self":[{"href":"https:\/\/doyouboat.com\/de\/wp-json\/wp\/v2\/pages\/606"}],"collection":[{"href":"https:\/\/doyouboat.com\/de\/wp-json\/wp\/v2\/pages"}],"about":[{"href":"https:\/\/doyouboat.com\/de\/wp-json\/wp\/v2\/types\/page"}],"author":[{"embeddable":true,"href":"https:\/\/doyouboat.com\/de\/wp-json\/wp\/v2\/users\/3"}],"replies":[{"embeddable":true,"href":"https:\/\/doyouboat.com\/de\/wp-json\/wp\/v2\/comments?post=606"}],"version-history":[{"count":5,"href":"https:\/\/doyouboat.com\/de\/wp-json\/wp\/v2\/pages\/606\/revisions"}],"predecessor-version":[{"id":782,"href":"https:\/\/doyouboat.com\/de\/wp-json\/wp\/v2\/pages\/606\/revisions\/782"}],"wp:attachment":[{"href":"https:\/\/doyouboat.com\/de\/wp-json\/wp\/v2\/media?parent=606"}],"curies":[{"name":"wp","href":"https:\/\/api.w.org\/{rel}","templated":true}]}}